{"id":54,"date":"2025-10-06T13:37:52","date_gmt":"2025-10-06T11:37:52","guid":{"rendered":"https:\/\/numexia.fr\/?page_id=54"},"modified":"2026-01-15T23:13:44","modified_gmt":"2026-01-15T22:13:44","slug":"mentions-legales","status":"publish","type":"page","link":"https:\/\/numexia.fr\/index.php\/mentions-legales\/","title":{"rendered":"Mentions l\u00e9gales"},"content":{"rendered":"\n<h4 class=\"wp-block-heading\">Identification de l\u2019\u00e9diteur<\/h4>\n\n\n\n<ul class=\"wp-block-list\">\n<li><strong>Nom ou raison sociale<\/strong>&nbsp;: M\u00e9lanie SCHEER<\/li>\n\n\n\n<li><strong>Nom commercial<\/strong>&nbsp;: Numexia<\/li>\n\n\n\n<li><strong>Forme juridique<\/strong>&nbsp;: auto entrepreneur<\/li>\n\n\n\n<li><strong>Activit\u00e9<\/strong>\u00a0: Vente \u00e0 distance sur catalogue sp\u00e9cialis\u00e9 (4791B)<\/li>\n\n\n\n<li><strong>Num\u00e9ro SIRET<\/strong>&nbsp;: 94474192500019<\/li>\n\n\n\n<li><strong>Num\u00e9ro de t\u00e9l\u00e9phone et adresse e-mail<\/strong>\u00a0: 07.43.33.36.35 \/ contact@numexia.fr<\/li>\n\n\n\n<li><strong>Directeur de la publication<\/strong>&nbsp;: M\u00e9lanie SCHEER<\/li>\n<\/ul>\n\n\n\n<h4 class=\"wp-block-heading\">Identification de l\u2019h\u00e9bergeur<\/h4>\n\n\n\n<ul class=\"wp-block-list\">\n<li><strong>Nom ou raison sociale<\/strong>&nbsp;: OVH SAS<\/li>\n\n\n\n<li><strong>Adresse<\/strong>&nbsp;: 2 rue Kellermann, 59100 Roubaix, France<\/li>\n\n\n\n<li><strong>Num\u00e9ro de t\u00e9l\u00e9phone<\/strong>&nbsp;: +33 9 72 10 10 07<\/li>\n\n\n\n<li><strong>Site web de l\u2019h\u00e9bergeur<\/strong>&nbsp;:&nbsp;<a href=\"https:\/\/www.ovh.com\/\">https:\/\/www.ovh.com<\/a><\/li>\n<\/ul>\n\n\n\n<h4 class=\"wp-block-heading\">Mentions sp\u00e9cifiques<\/h4>\n\n\n\n<ul class=\"wp-block-list\">\n<li><strong>Num\u00e9ro RCS<\/strong>&nbsp;: Saverne&nbsp;A&nbsp;944&nbsp;741&nbsp;925<\/li>\n\n\n\n<li><strong>Num\u00e9ro de TVA intracommunautaire<\/strong>&nbsp;: non applicable.<\/li>\n<\/ul>\n","protected":false},"excerpt":{"rendered":"<p>Identification de l\u2019\u00e9diteur Identification de l\u2019h\u00e9bergeur Mentions sp\u00e9cifiques<\/p>\n","protected":false},"author":1,"featured_media":0,"parent":0,"menu_order":0,"comment_status":"closed","ping_status":"closed","template":"","meta":{"site-sidebar-layout":"default","site-content-layout":"","ast-site-content-layout":"default","site-content-style":"default","site-sidebar-style":"default","ast-global-header-display":"","ast-banner-title-visibility":"","ast-main-header-display":"","ast-hfb-above-header-display":"","ast-hfb-below-header-display":"","ast-hfb-mobile-header-display":"","site-post-title":"","ast-breadcrumbs-content":"","ast-featured-img":"","footer-sml-layout":"","ast-disable-related-posts":"","theme-transparent-header-meta":"","adv-header-id-meta":"","stick-header-meta":"","header-above-stick-meta":"","header-main-stick-meta":"","header-below-stick-meta":"","astra-migrate-meta-layouts":"default","ast-page-background-enabled":"default","ast-page-background-meta":{"desktop":{"background-color":"var(--ast-global-color-5)","background-image":"","background-repeat":"repeat","background-position":"center center","background-size":"auto","background-attachment":"scroll","background-type":"","background-media":"","overlay-type":"","overlay-color":"","overlay-opacity":"","overlay-gradient":""},"tablet":{"background-color":"","background-image":"","background-repeat":"repeat","background-position":"center center","background-size":"auto","background-attachment":"scroll","background-type":"","background-media":"","overlay-type":"","overlay-color":"","overlay-opacity":"","overlay-gradient":""},"mobile":{"background-color":"","background-image":"","background-repeat":"repeat","background-position":"center center","background-size":"auto","background-attachment":"scroll","background-type":"","background-media":"","overlay-type":"","overlay-color":"","overlay-opacity":"","overlay-gradient":""}},"ast-content-background-meta":{"desktop":{"background-color":"var(--ast-global-color-4)","background-image":"","background-repeat":"repeat","background-position":"center center","background-size":"auto","background-attachment":"scroll","background-type":"","background-media":"","overlay-type":"","overlay-color":"","overlay-opacity":"","overlay-gradient":""},"tablet":{"background-color":"var(--ast-global-color-4)","background-image":"","background-repeat":"repeat","background-position":"center center","background-size":"auto","background-attachment":"scroll","background-type":"","background-media":"","overlay-type":"","overlay-color":"","overlay-opacity":"","overlay-gradient":""},"mobile":{"background-color":"var(--ast-global-color-4)","background-image":"","background-repeat":"repeat","background-position":"center center","background-size":"auto","background-attachment":"scroll","background-type":"","background-media":"","overlay-type":"","overlay-color":"","overlay-opacity":"","overlay-gradient":""}},"footnotes":""},"class_list":["post-54","page","type-page","status-publish","hentry"],"_links":{"self":[{"href":"https:\/\/numexia.fr\/index.php\/wp-json\/wp\/v2\/pages\/54","targetHints":{"allow":["GET"]}}],"collection":[{"href":"https:\/\/numexia.fr\/index.php\/wp-json\/wp\/v2\/pages"}],"about":[{"href":"https:\/\/numexia.fr\/index.php\/wp-json\/wp\/v2\/types\/page"}],"author":[{"embeddable":true,"href":"https:\/\/numexia.fr\/index.php\/wp-json\/wp\/v2\/users\/1"}],"replies":[{"embeddable":true,"href":"https:\/\/numexia.fr\/index.php\/wp-json\/wp\/v2\/comments?post=54"}],"version-history":[{"count":3,"href":"https:\/\/numexia.fr\/index.php\/wp-json\/wp\/v2\/pages\/54\/revisions"}],"predecessor-version":[{"id":63,"href":"https:\/\/numexia.fr\/index.php\/wp-json\/wp\/v2\/pages\/54\/revisions\/63"}],"wp:attachment":[{"href":"https:\/\/numexia.fr\/index.php\/wp-json\/wp\/v2\/media?parent=54"}],"curies":[{"name":"wp","href":"https:\/\/api.w.org\/{rel}","templated":true}]}}