{"id":8,"date":"2025-05-24T23:43:10","date_gmt":"2025-05-24T21:43:10","guid":{"rendered":"https:\/\/numexia.fr\/?page_id=8"},"modified":"2025-06-07T09:13:57","modified_gmt":"2025-06-07T07:13:57","slug":"bienvenue-chez-numexia","status":"publish","type":"page","link":"https:\/\/numexia.fr\/","title":{"rendered":"Bienvenue chez Numexia !"},"content":{"rendered":"\n<p>Parce que nous n&rsquo;avons pas qu&rsquo;un seul plaisir dans la vie, nous avons plusieurs horizons chee Numexia.<\/p>\n\n\n\n<p>Notre premi\u00e8re boutique, <strong>Coincardex<\/strong>, est sp\u00e9cialis\u00e9e dans la vente de <strong>cartes de collection (Pok\u00e9mon, \u2026)<\/strong> et de <strong>pi\u00e8ces de monnaie<\/strong>. Elle s\u2019adresse aux passionn\u00e9s, aux collectionneurs et \u00e0 tous ceux qui appr\u00e9cient la beaut\u00e9 des objets symboliques et historiques.<\/p>\n\n\n\n<p>Nous mettons un point d\u2019honneur \u00e0 offrir :<\/p>\n\n\n\n<ul class=\"wp-block-list\">\n<li>une <strong>s\u00e9lection rigoureuse<\/strong> de produits authentiques,<\/li>\n\n\n\n<li>une <strong>exp\u00e9rience client soign\u00e9e<\/strong>,<\/li>\n\n\n\n<li>et une <strong>pr\u00e9sence humaine<\/strong> pour chaque client &amp; commande.<\/li>\n<\/ul>\n\n\n\n<figure class=\"wp-block-image size-full is-resized\"><img loading=\"lazy\" decoding=\"async\" width=\"964\" height=\"629\" src=\"https:\/\/numexia.fr\/wp-content\/uploads\/2025\/06\/coincardex_full.png\" alt=\"\" class=\"wp-image-29\" style=\"width:300px\" srcset=\"https:\/\/numexia.fr\/wp-content\/uploads\/2025\/06\/coincardex_full.png 964w, https:\/\/numexia.fr\/wp-content\/uploads\/2025\/06\/coincardex_full-300x196.png 300w, https:\/\/numexia.fr\/wp-content\/uploads\/2025\/06\/coincardex_full-768x501.png 768w\" sizes=\"auto, (max-width: 964px) 100vw, 964px\" \/><\/figure>\n\n\n\n<p>Notre seconde activit\u00e9 concerne un domaine plus cr\u00e9atif avec le jeu de r\u00f4le en ligne <strong>MonPompier<\/strong>, dans lequel vous incarnez un Sapeur-Pompier. Formation, disponibilit\u00e9, interactions avec les autres joueurs, t\u00e2ches quotidiennes et interventions rythment vos journ\u00e9es dans ce jeu par navigateur.<\/p>\n\n\n\n<figure class=\"wp-block-image size-full is-resized\"><img loading=\"lazy\" decoding=\"async\" width=\"950\" height=\"280\" src=\"https:\/\/numexia.fr\/wp-content\/uploads\/2025\/06\/monpompier.png\" alt=\"\" class=\"wp-image-30\" style=\"width:600px\" srcset=\"https:\/\/numexia.fr\/wp-content\/uploads\/2025\/06\/monpompier.png 950w, https:\/\/numexia.fr\/wp-content\/uploads\/2025\/06\/monpompier-300x88.png 300w, https:\/\/numexia.fr\/wp-content\/uploads\/2025\/06\/monpompier-768x226.png 768w\" sizes=\"auto, (max-width: 950px) 100vw, 950px\" \/><\/figure>\n\n\n\n<h2 class=\"wp-block-heading\">Une vision plus large<\/h2>\n\n\n\n<p><strong>NUMEXIA<\/strong> a vocation \u00e0 \u00e9voluer : e-commerce, contenus num\u00e9riques, objets cr\u00e9atifs ou technologiques\u2026<br>Chaque projet que nous lan\u00e7ons est guid\u00e9 par la <strong>curiosit\u00e9, l\u2019esth\u00e9tique et l\u2019exigence<\/strong>.<\/p>\n\n\n\n<h2 class=\"wp-block-heading\">Suivez notre actualit\u00e9<\/h2>\n\n\n\n<p>De nouvelles th\u00e9matiques et projets viendront certainement \u00e9toffer notre activit\u00e9, revenez nous voir de temps \u00e0 autre !<\/p>\n","protected":false},"excerpt":{"rendered":"<p>Parce que nous n&rsquo;avons pas qu&rsquo;un seul plaisir dans la vie, nous avons plusieurs horizons chee Numexia. Notre premi\u00e8re boutique, [&hellip;]<\/p>\n","protected":false},"author":1,"featured_media":27,"parent":0,"menu_order":0,"comment_status":"closed","ping_status":"closed","template":"","meta":{"site-sidebar-layout":"default","site-content-layout":"","ast-site-content-layout":"default","site-content-style":"default","site-sidebar-style":"default","ast-global-header-display":"","ast-banner-title-visibility":"","ast-main-header-display":"","ast-hfb-above-header-display":"","ast-hfb-below-header-display":"","ast-hfb-mobile-header-display":"","site-post-title":"","ast-breadcrumbs-content":"","ast-featured-img":"","footer-sml-layout":"","ast-disable-related-posts":"","theme-transparent-header-meta":"","adv-header-id-meta":"","stick-header-meta":"","header-above-stick-meta":"","header-main-stick-meta":"","header-below-stick-meta":"","astra-migrate-meta-layouts":"default","ast-page-background-enabled":"default","ast-page-background-meta":{"desktop":{"background-color":"var(--ast-global-color-5)","background-image":"","background-repeat":"repeat","background-position":"center center","background-size":"auto","background-attachment":"scroll","background-type":"","background-media":"","overlay-type":"","overlay-color":"","overlay-opacity":"","overlay-gradient":""},"tablet":{"background-color":"","background-image":"","background-repeat":"repeat","background-position":"center center","background-size":"auto","background-attachment":"scroll","background-type":"","background-media":"","overlay-type":"","overlay-color":"","overlay-opacity":"","overlay-gradient":""},"mobile":{"background-color":"","background-image":"","background-repeat":"repeat","background-position":"center center","background-size":"auto","background-attachment":"scroll","background-type":"","background-media":"","overlay-type":"","overlay-color":"","overlay-opacity":"","overlay-gradient":""}},"ast-content-background-meta":{"desktop":{"background-color":"var(--ast-global-color-4)","background-image":"","background-repeat":"repeat","background-position":"center center","background-size":"auto","background-attachment":"scroll","background-type":"","background-media":"","overlay-type":"","overlay-color":"","overlay-opacity":"","overlay-gradient":""},"tablet":{"background-color":"var(--ast-global-color-4)","background-image":"","background-repeat":"repeat","background-position":"center center","background-size":"auto","background-attachment":"scroll","background-type":"","background-media":"","overlay-type":"","overlay-color":"","overlay-opacity":"","overlay-gradient":""},"mobile":{"background-color":"var(--ast-global-color-4)","background-image":"","background-repeat":"repeat","background-position":"center center","background-size":"auto","background-attachment":"scroll","background-type":"","background-media":"","overlay-type":"","overlay-color":"","overlay-opacity":"","overlay-gradient":""}},"footnotes":""},"class_list":["post-8","page","type-page","status-publish","has-post-thumbnail","hentry"],"_links":{"self":[{"href":"https:\/\/numexia.fr\/index.php\/wp-json\/wp\/v2\/pages\/8","targetHints":{"allow":["GET"]}}],"collection":[{"href":"https:\/\/numexia.fr\/index.php\/wp-json\/wp\/v2\/pages"}],"about":[{"href":"https:\/\/numexia.fr\/index.php\/wp-json\/wp\/v2\/types\/page"}],"author":[{"embeddable":true,"href":"https:\/\/numexia.fr\/index.php\/wp-json\/wp\/v2\/users\/1"}],"replies":[{"embeddable":true,"href":"https:\/\/numexia.fr\/index.php\/wp-json\/wp\/v2\/comments?post=8"}],"version-history":[{"count":7,"href":"https:\/\/numexia.fr\/index.php\/wp-json\/wp\/v2\/pages\/8\/revisions"}],"predecessor-version":[{"id":47,"href":"https:\/\/numexia.fr\/index.php\/wp-json\/wp\/v2\/pages\/8\/revisions\/47"}],"wp:featuredmedia":[{"embeddable":true,"href":"https:\/\/numexia.fr\/index.php\/wp-json\/wp\/v2\/media\/27"}],"wp:attachment":[{"href":"https:\/\/numexia.fr\/index.php\/wp-json\/wp\/v2\/media?parent=8"}],"curies":[{"name":"wp","href":"https:\/\/api.w.org\/{rel}","templated":true}]}}